{"id":193,"date":"2017-01-07T18:43:49","date_gmt":"2017-01-07T17:43:49","guid":{"rendered":"https:\/\/www.papageienfarm.de\/wordpress\/?page_id=193"},"modified":"2017-01-07T18:50:11","modified_gmt":"2017-01-07T17:50:11","slug":"impressum","status":"publish","type":"page","link":"https:\/\/www.papageienfarm.de\/wordpress\/?page_id=193","title":{"rendered":"Impressum"},"content":{"rendered":"<p><strong><span style=\"font-family: Arial; font-size: x-large;\">www.papageienfarm.de<\/span><\/strong><\/p>\n<p><b><\/b><strong><span style=\"font-family: Arial;\">Rolf Derwald<\/span><\/strong><br \/>\n<b><span style=\"font-family: Arial,Helvetica;\">Hobbyzucht<\/span><\/b><\/p>\n<p><b><\/b><strong><span style=\"font-family: Arial;\">Feldrain\u00a09<\/span><\/strong><br \/>\n<b><span style=\"font-family: Arial,Helvetica;\">32457 Porta Westfalica<\/span><\/b><\/p>\n<p><b><span style=\"font-family: Arial,Helvetica;\">Tel. 05722 &#8211;\u00a027463<\/span><\/b><\/p>\n<p><b><span style=\"font-family: Arial,Helvetica;\">www.papageienfarm.de<\/span><\/b><br \/>\n<b><span style=\"font-family: Arial,Helvetica;\">eMail:\u00a0\u00a0<u><span style=\"color: #0000ee;\">info@papageienfarm.de<\/span><\/u><\/span><\/b><br \/>\n<span style=\"font-family: Arial,Helvetica;\">Haftungshinweis:<\/span><br \/>\n<span style=\"font-family: Arial,Helvetica;\">Trotz sorgf\u00e4ltiger inhaltlicher Kontrolle \u00fcbernehme ich<\/span><br \/>\n<span style=\"font-family: Arial,Helvetica;\">keine Haftung f\u00fcr die Inhalte externer Links.<\/span><br \/>\n<span style=\"font-family: Arial,Helvetica;\">F\u00fcr den Inhalt der verlinkten Seiten sind ausschlie\u00dflich<\/span><br \/>\n<span style=\"font-family: Arial,Helvetica;\">deren Betreiber verantwortlich.<\/span><\/p>\n<p><span style=\"font-family: Arial,Helvetica;\">Urheberrecht:<\/span><br \/>\n<span style=\"font-family: Arial,Helvetica;\">\u00a0\u00a0Ich bin\u00a0bestrebt, in allen Publikationen die Urheberrechte der<\/span><br \/>\n<span style=\"font-family: Arial,Helvetica;\">\u00a0 verwendeten Grafiken und Texte zu beachten, von mir selbst<\/span><br \/>\n<span style=\"font-family: Arial,Helvetica;\">\u00a0 erstellte Grafiken, Sounds und Texte zu nutzen oder auf<\/span><br \/>\n<span style=\"font-family: Arial,Helvetica;\">\u00a0 lizenzfreie Grafiken, Sounds und Texte zur\u00fcckzugreifen. Sollte<\/span><br \/>\n<span style=\"font-family: Arial,Helvetica;\">\u00a0 sich auf den jeweiligen Seiten dennoch eine ungekennzeichnete,<\/span><br \/>\n<span style=\"font-family: Arial,Helvetica;\">\u00a0 aber durch fremdes Copyright gesch\u00fctzte Grafik oder Text<\/span><br \/>\n<span style=\"font-family: Arial,Helvetica;\">\u00a0 befinden, so konnte das Copyright von mir nicht festgestellt<\/span><br \/>\n<span style=\"font-family: Arial,Helvetica;\">\u00a0 werden. Im Falle einer solchen unbeabsichtigten<\/span><br \/>\n<span style=\"font-family: Arial,Helvetica;\">\u00a0 Copyrightverletzung werde ich das entsprechende Objekt nach<\/span><br \/>\n<span style=\"font-family: Arial,Helvetica;\">\u00a0 Benachrichtigung aus unserer Publikation entfernen bzw. mit dem<\/span><br \/>\n<span style=\"font-family: Arial,Helvetica;\">\u00a0 entsprechenden Copyright kenntlich machen.<\/span><\/p>\n<p>&nbsp;<\/p>\n","protected":false},"excerpt":{"rendered":"<p>www.papageienfarm.de Rolf Derwald Hobbyzucht Feldrain\u00a09 32457 Porta Westfalica Tel. 05722 &#8211;\u00a027463 www.papageienfarm.de eMail:\u00a0\u00a0info@papageienfarm.de Haftungshinweis: Trotz sorgf\u00e4ltiger inhaltlicher Kontrolle \u00fcbernehme ich keine Haftung f\u00fcr die Inhalte externer Links. F\u00fcr den Inhalt der verlinkten Seiten sind ausschlie\u00dflich deren Betreiber verantwortlich. Urheberrecht: \u00a0\u00a0Ich &hellip; <a href=\"https:\/\/www.papageienfarm.de\/wordpress\/?page_id=193\">Weiterlesen <span class=\"meta-nav\">&rarr;<\/span><\/a><\/p>\n","protected":false},"author":1,"featured_media":0,"parent":0,"menu_order":0,"comment_status":"closed","ping_status":"closed","template":"","meta":{"_acf_changed":false,"jetpack_post_was_ever_published":false,"footnotes":""},"class_list":["post-193","page","type-page","status-publish","hentry"],"acf":[],"jetpack_shortlink":"https:\/\/wp.me\/P8gTD2-37","jetpack-related-posts":[],"jetpack_likes_enabled":true,"jetpack_sharing_enabled":true,"_links":{"self":[{"href":"https:\/\/www.papageienfarm.de\/wordpress\/index.php?rest_route=\/wp\/v2\/pages\/193","targetHints":{"allow":["GET"]}}],"collection":[{"href":"https:\/\/www.papageienfarm.de\/wordpress\/index.php?rest_route=\/wp\/v2\/pages"}],"about":[{"href":"https:\/\/www.papageienfarm.de\/wordpress\/index.php?rest_route=\/wp\/v2\/types\/page"}],"author":[{"embeddable":true,"href":"https:\/\/www.papageienfarm.de\/wordpress\/index.php?rest_route=\/wp\/v2\/users\/1"}],"replies":[{"embeddable":true,"href":"https:\/\/www.papageienfarm.de\/wordpress\/index.php?rest_route=%2Fwp%2Fv2%2Fcomments&post=193"}],"version-history":[{"count":3,"href":"https:\/\/www.papageienfarm.de\/wordpress\/index.php?rest_route=\/wp\/v2\/pages\/193\/revisions"}],"predecessor-version":[{"id":196,"href":"https:\/\/www.papageienfarm.de\/wordpress\/index.php?rest_route=\/wp\/v2\/pages\/193\/revisions\/196"}],"wp:attachment":[{"href":"https:\/\/www.papageienfarm.de\/wordpress\/index.php?rest_route=%2Fwp%2Fv2%2Fmedia&parent=193"}],"curies":[{"name":"wp","href":"https:\/\/api.w.org\/{rel}","templated":true}]}}